{"id":1689,"date":"2019-12-18T15:26:33","date_gmt":"2019-12-18T14:26:33","guid":{"rendered":"https:\/\/abrabeta.it\/contatti\/"},"modified":"2020-05-11T11:06:56","modified_gmt":"2020-05-11T09:06:56","slug":"contacts","status":"publish","type":"page","link":"https:\/\/abrabeta.it\/fr\/contacts\/","title":{"rendered":"Contacts"},"content":{"rendered":"\r\n<h1 class=\"wp-block-heading\">Abra Beta S.p.A.<\/h1>\r\n\r\n\r\n\r\n<p>Via delle sorti n. 10<br \/>25050 Pian Camuno (BS) &#8211; Italy<\/p>\r\n\r\n\r\n<hr class=\"wp-block-separator is-style-wide\" \/>\r\n\r\n\r\n<p><strong>Italie T\u00e9l\u00e9phone<\/strong><\/p>\r\n\r\n\r\n\r\n<p class=\"has-small-font-size mb-3\"><a href=\"tel:+390364590792\">+39 0364 590.792<\/a><\/p>\r\n\r\n\r\n\r\n<p><strong>Mail<\/strong><\/p>\r\n\r\n\r\n\r\n<p class=\"has-small-font-size mb-3\"><a href=\"mailto:info@abrabeta.it\">info@abrabeta.it<\/a><\/p>\r\n\r\n\r\n\r\n<p><strong>Horaires d&#8217;ouverture<\/strong><\/p>\r\n\r\n\r\n\r\n<p class=\"has-small-font-size\">Matin 8h00-12h00<br \/>Apr\u00e8s-midi 13h30-17h30<br \/>Ferm\u00e9 samedi et dimanche<\/p>\r\n","protected":false},"excerpt":{"rendered":"<p>Abra Beta S.p.A. Via delle sorti n. 1025050 Pian Camuno (BS) &#8211; Italy Italie T\u00e9l\u00e9phone +39 0364 590.792 Mail info@abrabeta.it Horaires d&#8217;ouverture Matin 8h00-12h00Apr\u00e8s-midi 13h30-17h30Ferm\u00e9 samedi et dimanche<\/p>\n","protected":false},"author":1,"featured_media":0,"parent":0,"menu_order":0,"comment_status":"closed","ping_status":"closed","template":"template-contact-us.php","meta":{"_acf_changed":false,"footnotes":""},"class_list":["post-1689","page","type-page","status-publish","hentry"],"acf":[],"yoast_head":"<!-- This site is optimized with the Yoast SEO plugin v27.6 - https:\/\/yoast.com\/product\/yoast-seo-wordpress\/ -->\n<title>Contacts - Abrabeta<\/title>\n<meta name=\"robots\" content=\"index, follow, max-snippet:-1, max-image-preview:large, max-video-preview:-1\" \/>\n<link rel=\"canonical\" href=\"https:\/\/abrabeta.it\/fr\/contacts\/\" \/>\n<meta property=\"og:locale\" content=\"fr_FR\" \/>\n<meta property=\"og:type\" content=\"article\" \/>\n<meta property=\"og:title\" content=\"Contacts - Abrabeta\" \/>\n<meta property=\"og:description\" content=\"Abra Beta S.p.A. Via delle sorti n. 1025050 Pian Camuno (BS) &#8211; Italy Italie T\u00e9l\u00e9phone +39 0364 590.792 Mail info@abrabeta.it Horaires d&#8217;ouverture Matin 8h00-12h00Apr\u00e8s-midi 13h30-17h30Ferm\u00e9 samedi et dimanche\" \/>\n<meta property=\"og:url\" content=\"https:\/\/abrabeta.it\/fr\/contacts\/\" \/>\n<meta property=\"og:site_name\" content=\"Abrabeta\" \/>\n<meta property=\"article:modified_time\" content=\"2020-05-11T09:06:56+00:00\" \/>\n<meta name=\"twitter:card\" content=\"summary_large_image\" \/>\n<script type=\"application\/ld+json\" class=\"yoast-schema-graph\">{\"@context\":\"https:\\\/\\\/schema.org\",\"@graph\":[{\"@type\":\"WebPage\",\"@id\":\"https:\\\/\\\/abrabeta.it\\\/fr\\\/contacts\\\/\",\"url\":\"https:\\\/\\\/abrabeta.it\\\/fr\\\/contacts\\\/\",\"name\":\"Contacts - Abrabeta\",\"isPartOf\":{\"@id\":\"https:\\\/\\\/abrabeta.it\\\/fr\\\/#website\"},\"datePublished\":\"2019-12-18T14:26:33+00:00\",\"dateModified\":\"2020-05-11T09:06:56+00:00\",\"breadcrumb\":{\"@id\":\"https:\\\/\\\/abrabeta.it\\\/fr\\\/contacts\\\/#breadcrumb\"},\"inLanguage\":\"fr-FR\",\"potentialAction\":[{\"@type\":\"ReadAction\",\"target\":[\"https:\\\/\\\/abrabeta.it\\\/fr\\\/contacts\\\/\"]}]},{\"@type\":\"BreadcrumbList\",\"@id\":\"https:\\\/\\\/abrabeta.it\\\/fr\\\/contacts\\\/#breadcrumb\",\"itemListElement\":[{\"@type\":\"ListItem\",\"position\":1,\"name\":\"Home\",\"item\":\"https:\\\/\\\/abrabeta.it\\\/fr\\\/\"},{\"@type\":\"ListItem\",\"position\":2,\"name\":\"Contacts\"}]},{\"@type\":\"WebSite\",\"@id\":\"https:\\\/\\\/abrabeta.it\\\/fr\\\/#website\",\"url\":\"https:\\\/\\\/abrabeta.it\\\/fr\\\/\",\"name\":\"Abrabeta\",\"description\":\"\",\"potentialAction\":[{\"@type\":\"SearchAction\",\"target\":{\"@type\":\"EntryPoint\",\"urlTemplate\":\"https:\\\/\\\/abrabeta.it\\\/fr\\\/?s={search_term_string}\"},\"query-input\":{\"@type\":\"PropertyValueSpecification\",\"valueRequired\":true,\"valueName\":\"search_term_string\"}}],\"inLanguage\":\"fr-FR\"}]}<\/script>\n<!-- \/ Yoast SEO plugin. -->","yoast_head_json":{"title":"Contacts - Abrabeta","robots":{"index":"index","follow":"follow","max-snippet":"max-snippet:-1","max-image-preview":"max-image-preview:large","max-video-preview":"max-video-preview:-1"},"canonical":"https:\/\/abrabeta.it\/fr\/contacts\/","og_locale":"fr_FR","og_type":"article","og_title":"Contacts - Abrabeta","og_description":"Abra Beta S.p.A. Via delle sorti n. 1025050 Pian Camuno (BS) &#8211; Italy Italie T\u00e9l\u00e9phone +39 0364 590.792 Mail info@abrabeta.it Horaires d&#8217;ouverture Matin 8h00-12h00Apr\u00e8s-midi 13h30-17h30Ferm\u00e9 samedi et dimanche","og_url":"https:\/\/abrabeta.it\/fr\/contacts\/","og_site_name":"Abrabeta","article_modified_time":"2020-05-11T09:06:56+00:00","twitter_card":"summary_large_image","schema":{"@context":"https:\/\/schema.org","@graph":[{"@type":"WebPage","@id":"https:\/\/abrabeta.it\/fr\/contacts\/","url":"https:\/\/abrabeta.it\/fr\/contacts\/","name":"Contacts - Abrabeta","isPartOf":{"@id":"https:\/\/abrabeta.it\/fr\/#website"},"datePublished":"2019-12-18T14:26:33+00:00","dateModified":"2020-05-11T09:06:56+00:00","breadcrumb":{"@id":"https:\/\/abrabeta.it\/fr\/contacts\/#breadcrumb"},"inLanguage":"fr-FR","potentialAction":[{"@type":"ReadAction","target":["https:\/\/abrabeta.it\/fr\/contacts\/"]}]},{"@type":"BreadcrumbList","@id":"https:\/\/abrabeta.it\/fr\/contacts\/#breadcrumb","itemListElement":[{"@type":"ListItem","position":1,"name":"Home","item":"https:\/\/abrabeta.it\/fr\/"},{"@type":"ListItem","position":2,"name":"Contacts"}]},{"@type":"WebSite","@id":"https:\/\/abrabeta.it\/fr\/#website","url":"https:\/\/abrabeta.it\/fr\/","name":"Abrabeta","description":"","potentialAction":[{"@type":"SearchAction","target":{"@type":"EntryPoint","urlTemplate":"https:\/\/abrabeta.it\/fr\/?s={search_term_string}"},"query-input":{"@type":"PropertyValueSpecification","valueRequired":true,"valueName":"search_term_string"}}],"inLanguage":"fr-FR"}]}},"_links":{"self":[{"href":"https:\/\/abrabeta.it\/fr\/wp-json\/wp\/v2\/pages\/1689","targetHints":{"allow":["GET"]}}],"collection":[{"href":"https:\/\/abrabeta.it\/fr\/wp-json\/wp\/v2\/pages"}],"about":[{"href":"https:\/\/abrabeta.it\/fr\/wp-json\/wp\/v2\/types\/page"}],"author":[{"embeddable":true,"href":"https:\/\/abrabeta.it\/fr\/wp-json\/wp\/v2\/users\/1"}],"replies":[{"embeddable":true,"href":"https:\/\/abrabeta.it\/fr\/wp-json\/wp\/v2\/comments?post=1689"}],"version-history":[{"count":3,"href":"https:\/\/abrabeta.it\/fr\/wp-json\/wp\/v2\/pages\/1689\/revisions"}],"predecessor-version":[{"id":1692,"href":"https:\/\/abrabeta.it\/fr\/wp-json\/wp\/v2\/pages\/1689\/revisions\/1692"}],"wp:attachment":[{"href":"https:\/\/abrabeta.it\/fr\/wp-json\/wp\/v2\/media?parent=1689"}],"curies":[{"name":"wp","href":"https:\/\/api.w.org\/{rel}","templated":true}]}}